{"id":1559,"date":"2022-02-07T17:14:35","date_gmt":"2022-02-07T15:14:35","guid":{"rendered":"https:\/\/www.savescu.ro\/ro\/?page_id=1559"},"modified":"2023-04-07T08:32:12","modified_gmt":"2023-04-07T06:32:12","slug":"contact","status":"publish","type":"page","link":"https:\/\/www.savescu.ro\/ro\/contact","title":{"rendered":"Contact"},"content":{"rendered":"<p><img loading=\"lazy\" decoding=\"async\" class=\"size-full wp-image-834 alignright\" src=\"https:\/\/www.savescu.ro\/ro\/wp-content\/uploads\/2021\/01\/SSA.jpg\" alt=\"\" width=\"360\" height=\"300\" srcset=\"https:\/\/www.savescu.ro\/ro\/wp-content\/uploads\/2021\/01\/SSA.jpg 360w, https:\/\/www.savescu.ro\/ro\/wp-content\/uploads\/2021\/01\/SSA-300x250.jpg 300w\" sizes=\"auto, (max-width: 360px) 100vw, 360px\" \/><strong>S\u0102VESCU &amp; ASOCIA\u021aII<\/strong><br \/>\nBucure\u015fti 3, str. Turturelelor 50, et. 4 [<a href=\"https:\/\/goo.gl\/maps\/McNRh8CaiYYi7Ayh9\" target=\"_blank\" rel=\"noopener noreferrer\"><span style=\"font-size: 14px\">https:\/\/goo.gl\/maps\/McNRh8CaiYYi7Ayh9<\/span><\/a>]<br \/>\nCod po\u0219tal: 030858<\/p>\n<p>0752270481 (<a href=\"https:\/\/www.savescu.ro\/ro\/razvan-craciunas\">R\u0103zvan Cr\u0103ciuna\u0219<\/a>, avocat, partener)<br \/>\ncontact@savescu.ro<\/p>\n<p>CUI: RO31162827<\/p>\n<p>RON: RO78BRDE441SV27360814410<br \/>\nEUR: RO76BRDE441SV20273064410<br \/>\nUSD: RO72BRDE441SV20273144410<\/p>\n<p><em>* V\u0103 rug\u0103m s\u0103 ne scrie\u021bi doar dup\u0103 ce consulta\u021bi <a href=\"https:\/\/www.savescu.ro\/ro\/informare-protectia-datelor\"><strong>politica de confiden\u021bialitate<\/strong><\/a>. Datele dumneavoastr\u0103 vor fi utilizate pentru a men\u021bine contactul cu dumneavoastr\u0103.<\/em><\/p>\n","protected":false},"excerpt":{"rendered":"","protected":false},"author":1,"featured_media":0,"parent":0,"menu_order":0,"comment_status":"closed","ping_status":"closed","template":"template-centered.php","meta":{"footnotes":""},"class_list":["post-1559","page","type-page","status-publish","hentry"],"_links":{"self":[{"href":"https:\/\/www.savescu.ro\/ro\/wp-json\/wp\/v2\/pages\/1559","targetHints":{"allow":["GET"]}}],"collection":[{"href":"https:\/\/www.savescu.ro\/ro\/wp-json\/wp\/v2\/pages"}],"about":[{"href":"https:\/\/www.savescu.ro\/ro\/wp-json\/wp\/v2\/types\/page"}],"author":[{"embeddable":true,"href":"https:\/\/www.savescu.ro\/ro\/wp-json\/wp\/v2\/users\/1"}],"replies":[{"embeddable":true,"href":"https:\/\/www.savescu.ro\/ro\/wp-json\/wp\/v2\/comments?post=1559"}],"version-history":[{"count":15,"href":"https:\/\/www.savescu.ro\/ro\/wp-json\/wp\/v2\/pages\/1559\/revisions"}],"predecessor-version":[{"id":2196,"href":"https:\/\/www.savescu.ro\/ro\/wp-json\/wp\/v2\/pages\/1559\/revisions\/2196"}],"wp:attachment":[{"href":"https:\/\/www.savescu.ro\/ro\/wp-json\/wp\/v2\/media?parent=1559"}],"curies":[{"name":"wp","href":"https:\/\/api.w.org\/{rel}","templated":true}]}}