{"id":2,"date":"2018-04-30T17:12:45","date_gmt":"2018-04-30T17:12:45","guid":{"rendered":"http:\/\/savescu.ro\/ro\/?page_id=2"},"modified":"2023-03-02T10:44:31","modified_gmt":"2023-03-02T08:44:31","slug":"despre-noi","status":"publish","type":"page","link":"https:\/\/www.savescu.ro\/ro\/","title":{"rendered":"Despre noi"},"content":{"rendered":"<p>Din 1997 sus\u021binem principii etice \u0219i standarde profesionale de cel mai \u00eenalt nivel.<\/p>\n<p><a href=\"https:\/\/www.savescu.ro\/ro\/avocati\"><strong>Suntem avoca\u021bi<\/strong><\/a> care ap\u0103r\u0103 cu devotament interesele clien\u021bilor locali \u0219i interna\u021bionali. Gestion\u0103m proiectele cu u\u0219urin\u021b\u0103 \u0219i celeritate. Utiliz\u0103m eficient mijloacele legale pentru atingerea obiectivelor clien\u021bilor.<\/p>\n<p><a href=\"https:\/\/www.savescu.ro\/ro\/arii-de-practica\"><strong>Ariile de practic\u0103<\/strong><\/a> \u00een care suntem foarte activi \u0219i \u00een care avem o experien\u021b\u0103 bogat\u0103 sunt: <a href=\"https:\/\/savescu.ro\/ro\/cyberlaw\">cyberlaw<\/a> \u0219i <a href=\"https:\/\/www.savescu.ro\/ro\/protectia-datelor-cu-caracter-personal\">data protection<\/a>, <a href=\"https:\/\/savescu.ro\/ro\/drept-penal\">drept penal<\/a>, <a href=\"https:\/\/savescu.ro\/ro\/dreptul-muncii\">dreptul muncii<\/a>, <a href=\"https:\/\/www.savescu.ro\/ro\/contencios-administrativ\">contencios administrativ<\/a>, <a href=\"https:\/\/www.savescu.ro\/ro\/contracte-si-pacte-societare\">contracte \u0219i pacte societare<\/a>, <a href=\"https:\/\/www.savescu.ro\/ro\/proprietate-intelectuala\">proprietate intelectual\u0103<\/a>.<\/p>\n<p>Activitatea noastr\u0103 principal\u0103 const\u0103 \u00een litigiile judiciare \u0219i arbitrale, \u00een care avem o foarte bogat\u0103 \u015fi foarte satisf\u0103c\u0103toare experien\u0163\u0103. Am gestionat solu\u0163ionarea cu succes a unor spe\u0163e complexe \u0219i ne-am remarcat prin excelen\u0163a rezultatelor ob\u0163inute \u00een litigii.<\/p>\n<p>Transform\u0103m \u00een\u0163elegerile \u00een practic\u0103. Cercet\u0103m, consiliem \u015fi sus\u0163inem. Practic\u0103m <a href=\"https:\/\/www.savescu.ro\/ro\/avocati\">avocatura<\/a> cu pasiune!<\/p>\n<p><a href=\"https:\/\/www.savescu.ro\/ro\/contact\">Contacta\u021bi-ne!<\/a><\/p>\n","protected":false},"excerpt":{"rendered":"","protected":false},"author":1,"featured_media":0,"parent":0,"menu_order":0,"comment_status":"closed","ping_status":"closed","template":"template-centered.php","meta":{"footnotes":""},"class_list":["post-2","page","type-page","status-publish","hentry"],"_links":{"self":[{"href":"https:\/\/www.savescu.ro\/ro\/wp-json\/wp\/v2\/pages\/2","targetHints":{"allow":["GET"]}}],"collection":[{"href":"https:\/\/www.savescu.ro\/ro\/wp-json\/wp\/v2\/pages"}],"about":[{"href":"https:\/\/www.savescu.ro\/ro\/wp-json\/wp\/v2\/types\/page"}],"author":[{"embeddable":true,"href":"https:\/\/www.savescu.ro\/ro\/wp-json\/wp\/v2\/users\/1"}],"replies":[{"embeddable":true,"href":"https:\/\/www.savescu.ro\/ro\/wp-json\/wp\/v2\/comments?post=2"}],"version-history":[{"count":46,"href":"https:\/\/www.savescu.ro\/ro\/wp-json\/wp\/v2\/pages\/2\/revisions"}],"predecessor-version":[{"id":2165,"href":"https:\/\/www.savescu.ro\/ro\/wp-json\/wp\/v2\/pages\/2\/revisions\/2165"}],"wp:attachment":[{"href":"https:\/\/www.savescu.ro\/ro\/wp-json\/wp\/v2\/media?parent=2"}],"curies":[{"name":"wp","href":"https:\/\/api.w.org\/{rel}","templated":true}]}}