{"id":230,"date":"2018-05-24T10:04:28","date_gmt":"2018-05-24T08:04:28","guid":{"rendered":"http:\/\/savescu.ro\/ro\/?page_id=230"},"modified":"2022-09-05T10:14:49","modified_gmt":"2022-09-05T08:14:49","slug":"politica-de-confidentialitate-website","status":"publish","type":"page","link":"https:\/\/www.savescu.ro\/ro\/politica-de-confidentialitate-website","title":{"rendered":"Politic\u0103 de confiden\u021bialitate website"},"content":{"rendered":"<p>Stima\u021bi vizitatori,<\/p>\n<p>Website-ul nostru nu colecteaz\u0103 date cu caracter personal, cu excep\u021bia <a href=\"http:\/\/www.savescu.ro\/ro\/cookies\/\">cookies<\/a>, ceea nu permite S\u0102VESCU &#038; ASOCIA\u021aII identificarea dumneavoastr\u0103. Noi utiliz\u0103m cookies automatizate exclusiv pentru set\u0103rile browserului \u0219i plugin-uri, exclusiv cele implicite platformei WordPress \u0219i plugin-urilor. Nu folosim serviciile Google Analytics.<\/p>\n<p>For Cookies policy <a href=\"https:\/\/www.savescu.ro\/ro\/cookies\"><strong>click aici<\/strong><\/a>!<\/p>\n<p>Pentru a v\u0103 informa cu privire la protec\u021bia datelor cu caracter personal la nivelul organiza\u021biei noastre, v\u0103 rug\u0103m s\u0103 cerceta\u021bi <a href=\"http:\/\/savescu.ro\/ro\/informare-protectia-datelor\">nota de informare<\/a> adresat\u0103 clien\u021bilor \u0219i poten\u021bialilor clien\u021bi.<\/p>\n<p>Pentru a v\u0103 informa \u00een leg\u0103tura cu utilizarea website-ului nostru, v\u0103 rug\u0103m s\u0103 cerceta\u021bi <a href=\"http:\/\/savescu.ro\/ro\/conditii-de-utilizare\">condi\u021biile de utilizare<\/a>.<\/p>\n<p>Pentru a ne scrie cu privire protec\u021bia datelor cu caracter personal, v\u0103 rug\u0103m s\u0103 ne scrie\u021bi la adresa privacy@savescu.ro, sau contacta\u021bi-ne folosind informa\u021biile din <a href=\"https:\/\/www.savescu.ro\/ro\/#contact\">pagina de contact<\/a>.<\/p>\n<p><em>* ultima actualizare a acestei pagini: 11 mai 2018<\/em><\/p>\n","protected":false},"excerpt":{"rendered":"","protected":false},"author":1,"featured_media":0,"parent":0,"menu_order":0,"comment_status":"closed","ping_status":"closed","template":"template-centered.php","meta":{"footnotes":""},"class_list":["post-230","page","type-page","status-publish","hentry"],"_links":{"self":[{"href":"https:\/\/www.savescu.ro\/ro\/wp-json\/wp\/v2\/pages\/230","targetHints":{"allow":["GET"]}}],"collection":[{"href":"https:\/\/www.savescu.ro\/ro\/wp-json\/wp\/v2\/pages"}],"about":[{"href":"https:\/\/www.savescu.ro\/ro\/wp-json\/wp\/v2\/types\/page"}],"author":[{"embeddable":true,"href":"https:\/\/www.savescu.ro\/ro\/wp-json\/wp\/v2\/users\/1"}],"replies":[{"embeddable":true,"href":"https:\/\/www.savescu.ro\/ro\/wp-json\/wp\/v2\/comments?post=230"}],"version-history":[{"count":5,"href":"https:\/\/www.savescu.ro\/ro\/wp-json\/wp\/v2\/pages\/230\/revisions"}],"predecessor-version":[{"id":1885,"href":"https:\/\/www.savescu.ro\/ro\/wp-json\/wp\/v2\/pages\/230\/revisions\/1885"}],"wp:attachment":[{"href":"https:\/\/www.savescu.ro\/ro\/wp-json\/wp\/v2\/media?parent=230"}],"curies":[{"name":"wp","href":"https:\/\/api.w.org\/{rel}","templated":true}]}}