{"id":232,"date":"2018-05-24T10:15:45","date_gmt":"2018-05-24T08:15:45","guid":{"rendered":"http:\/\/savescu.ro\/ro\/?page_id=232"},"modified":"2022-01-25T14:31:35","modified_gmt":"2022-01-25T12:31:35","slug":"conditii-de-utilizare","status":"publish","type":"page","link":"https:\/\/www.savescu.ro\/ro\/conditii-de-utilizare-website","title":{"rendered":"Condi\u021bii de utilizare website"},"content":{"rendered":"<p>Stima\u021bi vizitatori,<\/p>\n<p>Apreciem faptul c\u0103 parcurge\u0163i cu aten\u0163ie aceast\u0103 pagin\u0103 \u00eenainte de a utiliza con\u0163inutul website-ului S\u0102VESCU &amp; ASOCIA\u021aII. Vizitarea \u015fi utilizarea acestui site se pot face numai dac\u0103 sunte\u0163i de acord cu aceste condi\u0163ii de utilizare. Vizitarea \u015fi utilizarea site-ului sunt condi\u0163ionate de acceptarea acestor condi\u0163ii de utilizare.<\/p>\n<p><strong>Puterea obligatorie a acestor condi\u0163ii de utilizare<\/strong><br \/>\nEste rezonabil ca aceste condi\u0163ii de utilizare s\u0103 fie acceptate de dumneavoastr\u0103 prin simplul fapt al acces\u0103rii website-ului, reprezent\u00e2nd acordul de voin\u0163\u0103 dintre dumneavoastr\u0103 \u015fi noi \u00een leg\u0103tur\u0103 cu utilizarea lui.<\/p>\n<p><strong>Protec\u0163ia datelor cu caracter personal<\/strong><br \/>\nPentru a v\u0103 informa cu privire la politica de confiden\u021bialitate a website-ului nostru v\u0103 rug\u0103m s\u0103 citi\u021bi pagina <a href=\"http:\/\/savescu.ro\/ro\/politica-de-confidentialitate-website\">Politica de confiden\u021bialitate website<\/a> \u0219i pagina <a href=\"http:\/\/www.savescu.ro\/ro\/cookies\/\">Cookies<\/a>.<\/p>\n<p>Pentru a v\u0103 informa cu privire la modul \u00een care organiza\u021bia noastr\u0103 utilizeaz\u0103 datele cu caracter personal, v\u0103 rug\u0103m s\u0103 citi\u021bi <a href=\"http:\/\/savescu.ro\/ro\/informare-protectia-datelor\">pagina de informare<\/a> cu privire la protec\u021bia datelor cu caracter personal.<\/p>\n<p><strong>Accesul minorilor<\/strong><br \/>\nCon\u0163inutul acestui website nu este destinat minorilor, dar con\u0163inutul s\u0103u nu este v\u0103t\u0103mator pentru ace\u015ftia. Totu\u015fi, unele link-uri c\u0103tre alte site-uri ar putea conduce utilizatorul \u00een pagini care sunt nerecomandate minorilor.<\/p>\n<p><strong>Securitate<\/strong><br \/>\nDesc\u0103rcarea paginilor website-ului se face f\u0103r\u0103 ca noi s\u0103 ne asum\u0103m r\u0103spunderea ca paginile nu sunt infectate cu viru\u015fi, troieni sau alte asemenea produse nedorite, care v-ar putea afecta computerul sau informa\u0163iile de pe acesta.\u00a0Link-urile c\u0103tre alte loca\u0163ii Internet sunt informa\u0163ii publice. Ele au fost selectate cu grij\u0103 de noi, dar subliniem c\u0103 nu ne asum\u0103m r\u0103spunderea pentru utilitatea sau acurate\u0163ea acestor website-uri. Este important s\u0103 subliniem c\u0103 noi nu suntem afilia\u0163i cu proprietarii acelor website-uri. Excep\u0163iile vor fi men\u0163ionate sau vor fi evidente. Nu vom putea fi f\u0103cu\u0163i r\u0103spunz\u0103tori de eventualele daune pe care direct sau indirect vi le-ar cauza acele website-uri.<\/p>\n<p><strong>Calitate<\/strong><br \/>\nDin p\u0103cate, Internet-ul fiind un spa\u0163iu public deschis, nu putem garanta acurate\u0163ea \u015fi prezen\u0163a paginilor afi\u015fate de browser-ul dumneavoastr\u0103, nici comunicarea \u00eentre nodurile Internet. De aceea, nu putem fi f\u0103cu\u0163i responsabili pentru niciun fel de daune, cauzate direct sau indirect de func\u0163ionarea site-ului, \u015fi nici de disfunc\u0163ionalit\u0103\u0163ile site-ului. Website-ul este \u201casa cum este\u201d. De\u015fi utiliz\u00e2nd acest site v\u0103 asuma\u0163i unele riscuri, noi avem \u00eencredin\u0163area c\u0103 ve\u0163i fi foarte mul\u0163umi\u0163i de serviciile noastre, \u00eens\u0103 pentru o bun\u0103 rela\u0163ie \u00eentre dumneavoastr\u0103 \u015fi noi v\u0103 rug\u0103m s\u0103 ave\u0163i \u00een vedere prevederile acestor condi\u0163ii de utilizare.<\/p>\n<p><strong>Copyright<\/strong><br \/>\nReproducerea \u015fi difuzarea oric\u0103ror texte, \u00een orice form\u0103, din cadrul acestui website se pot face doar cu acordul nostru, cu excep\u0163ia reproducerii \u015fi difuz\u0103rii \u00een scop de informa\u0163ie de pres\u0103 \u015fi \u00een scop academic.<\/p>\n<p><strong>Litigii<\/strong><br \/>\nOrice litigiu \u00eentre dumneavoastr\u0103 \u015fi noi va fi solu\u0163ionat pe cale amiabil\u0103, dac\u0103 e posibil, \u00een termen de 30 zile de la ivire. Ivirea va fi consemnat\u0103 pe suport scris. Dac\u0103 litigiul nu s-a putut solu\u0163iona pe cale amiabil\u0103 \u00een termenul men\u0163ionat, va fi sesizat\u0103 instan\u0163a competent\u0103. Competen\u0163a va apar\u0163ine teritorial Judec\u0103toriei sectorului 3 sau Tribunalului Bucure\u015fti, dup\u0103 caz.<\/p>\n<p><strong>Contact<\/strong><br \/>\nPentru orice neclarit\u0103\u0163i, nel\u0103muriri, observa\u0163ii \u015fi sugestii, precum \u015fi pentru sesizarea oric\u0103ror nereguli legate de acest website, v\u0103 rug\u0103m s\u0103 ne contacta\u0163i de\u00eendat\u0103, folosind <a href=\"http:\/\/savescu.ro\/ro\/contact\">pagina de contact<\/a>.<\/p>\n<p><em>* ultima actualizare a acestei pagini: 11 mai 2018<\/em><\/p>\n","protected":false},"excerpt":{"rendered":"","protected":false},"author":1,"featured_media":0,"parent":0,"menu_order":0,"comment_status":"closed","ping_status":"closed","template":"template-centered.php","meta":{"footnotes":""},"class_list":["post-232","page","type-page","status-publish","hentry"],"_links":{"self":[{"href":"https:\/\/www.savescu.ro\/ro\/wp-json\/wp\/v2\/pages\/232","targetHints":{"allow":["GET"]}}],"collection":[{"href":"https:\/\/www.savescu.ro\/ro\/wp-json\/wp\/v2\/pages"}],"about":[{"href":"https:\/\/www.savescu.ro\/ro\/wp-json\/wp\/v2\/types\/page"}],"author":[{"embeddable":true,"href":"https:\/\/www.savescu.ro\/ro\/wp-json\/wp\/v2\/users\/1"}],"replies":[{"embeddable":true,"href":"https:\/\/www.savescu.ro\/ro\/wp-json\/wp\/v2\/comments?post=232"}],"version-history":[{"count":4,"href":"https:\/\/www.savescu.ro\/ro\/wp-json\/wp\/v2\/pages\/232\/revisions"}],"predecessor-version":[{"id":236,"href":"https:\/\/www.savescu.ro\/ro\/wp-json\/wp\/v2\/pages\/232\/revisions\/236"}],"wp:attachment":[{"href":"https:\/\/www.savescu.ro\/ro\/wp-json\/wp\/v2\/media?parent=232"}],"curies":[{"name":"wp","href":"https:\/\/api.w.org\/{rel}","templated":true}]}}