{"id":3006,"date":"2026-03-30T15:11:21","date_gmt":"2026-03-30T13:11:21","guid":{"rendered":"https:\/\/www.savescu.ro\/ro\/?page_id=3006"},"modified":"2026-03-30T15:26:54","modified_gmt":"2026-03-30T13:26:54","slug":"i-law-you","status":"publish","type":"page","link":"https:\/\/www.savescu.ro\/ro\/i-law-you","title":{"rendered":"I Law You"},"content":{"rendered":"<h1>Studen\u021bi \u00een practic\u0103<\/h1>\n<p><a href=\"https:\/\/savescu.ro\/ro\/\"><strong>S\u0102VESCU &amp; ASOCIA\u021aII<\/strong><\/a> organizeaz\u0103 stagii de practic\u0103 pentru studen\u021bi \u00een ciclul  licen\u021b\u0103, \u00een cadrul programului <strong>I Law You<\/strong>.<\/p>\n<p>Programul de practic\u0103 se adreseaz\u0103 studen\u021bilor facult\u0103\u021bilor de drept, indiferent de anul de studiu.<\/p>\n<p><strong>Timp alocat<\/strong><br \/>\nStuden\u021bii desf\u0103\u0219oar\u0103 activit\u0103\u021bi \u00eentre 4 \u0219i 10 ore\/s\u0103pt\u0103m\u00e2n\u0103 la biroul societ\u0103\u021bii, timp de 3 s\u0103pt\u0103m\u00e2ni.<\/p>\n<p><b>Activit\u0103\u021bi principale<\/b><br \/>\n&#8211; redactare\u00a0note \u0219i studii de doctrin\u0103<br \/>\n&#8211; redactare\u00a0note \u0219i studii de jurispruden\u021b\u0103<\/p>\n<p><strong>Beneficii<\/strong><br \/>\nCooperare \u00eentr-o echip\u0103 de elit\u0103 \u0219i acces la informa\u021bii de specialitate. Se elibereaz\u0103 adeverin\u021b\u0103 de absolvire \u0219i, dup\u0103 caz, scrisoare de recomandare.<\/p>\n<p><strong>Selec\u021bie<\/strong><br \/>\nProcesul de selec\u021bie cuprinde dou\u0103 etape: selec\u021bia pe baza documentelor \u0219i interviu. \u00cen cadrul interviului se organizeaz\u0103 un micro-test. Transmite\u021bi la adresa\u00a0office@savescu.ro\u00a0<a href=\"https:\/\/europass.cedefop.europa.eu\/en\/documents\/curriculum-vitae\" target=\"_blank\" rel=\"noopener noreferrer\">CV \u00een format european<\/a>, scrisoare de inten\u021bie (max. 1 pag.) \u0219i eseu\u00a0<em>Care este cea mai interesant\u0103 lege pentru mine<\/em>\u00a0(300-900 cuvinte)!<\/p>\n<p><strong>Stagiu de practic\u0103 \u00een desf\u0103\u0219urare<\/strong><br \/>\n&#8211; Alexia Frunzaru, Facultatea de Drept a Academiei de Studii Economice (martie 2026 &#8211; prezent)<br \/>\n&#8211; <a href=\"https:\/\/profesionisti.juridice.ro\/yasemin-asan\">Yasemin Asan<\/a>, Facultatea de Drept a Universit\u0103\u021bii din Bucure\u0219ti (martie 2026 &#8211; prezent)<br \/>\n&#8211; <a href=\"https:\/\/profesionisti.juridice.ro\/stefan-stoican\">\u0218tefan Stoican<\/a>, Facultatea de Drept a Universit\u0103\u021bii din Bucure\u0219ti (martie 2026 &#8211; prezent)<br \/>\n&#8211; <a href=\"https:\/\/profesionisti.juridice.ro\/stefania-cernica\">\u0218tefania Cernica<\/a>, Facultatea de Drept a Universit\u0103\u021bii din Bucure\u0219ti (decembrie 2025 &#8211; prezent)<br \/>\n&#8211; <a href=\"https:\/\/profesionisti.juridice.ro\/larisa-florentina-manescu\">Larisa-Florentina M\u0103nescu<\/a>, Facultatea de Drept a Universit\u0103\u021bii Titu Maiorescu din Bucure\u0219ti (iulie 2025 &#8211; prezent)<br \/>\n&#8211; <a href=\"https:\/\/profesionisti.juridice.ro\/matei-vladimir-colteanu\">Matei Vladimir Col\u021beanu<\/a>, Facultatea de Drept a Universit\u0103\u021bii Titu Maiorescu din Bucure\u0219ti (aprilie 2024 &#8211; prezent)<\/p>\n<hr \/>\n<p><strong>Absolven\u021bi stagiu de practic\u0103<\/strong><br \/>\n&#8211; Marius Teodorescu, Facultatea de Drept a Universit\u0103\u021bii Titu Maiorescu din Bucure\u0219ti (octombrie-noiembrie 2025)<br \/>\n&#8211; Alexandra Diana Toma, Facultatea de Drept a Universit\u0103\u021bii Titu Maiorescu din Bucure\u0219ti (august-septembrie 2025)<br \/>\n&#8211; <a href=\"https:\/\/profesionisti.juridice.ro\/andreea-rodica-usurelu\">Andreea-Rodica U\u0219urelu<\/a>, Facultatea de Drept a Universit\u0103\u021bii Titu Maiorescu din Bucure\u0219ti (mai-iunie 2025)<br \/>\n&#8211; Andra Florentina Calu, Facultatea de Drept a Universit\u0103\u021bii Titu Maiorescu din Bucure\u0219ti (mai-iunie 2025)<br \/>\n&#8211; \u0218tefania Stancu, Facultatea de Drept a Universit\u0103\u021bii din Bucure\u0219ti (aprilie 2025)<br \/>\n&#8211; <a href=\"https:\/\/profesionisti.juridice.ro\/alexia-coman\">Alexia Coman<\/a>, Facultatea de Drept a Universit\u0103\u021bii din Bucure\u0219ti (martie-mai 2025)<br \/>\n&#8211; <a href=\"https:\/\/profesionisti.juridice.ro\/veronica-alexandra-andrei\">Veronica-Alexandra Andrei<\/a>, Facultatea de Drept a Universit\u0103\u021bii din Bucure\u0219ti (martie-mai 2025)<br \/>\n&#8211; <a href=\"https:\/\/profesionisti.juridice.ro\/sorin-leontescu\">Sorin Leontescu<\/a>, Facultatea de Drept a Universit\u0103\u021bii Titu Maiorescu din Bucure\u0219ti (decembrie 2024 &#8211; mai 2025)<br \/>\n&#8211; <a href=\"https:\/\/profesionisti.juridice.ro\/david-andrei-voiculescu\">David Andrei Voiculescu<\/a>, Facultatea de Drept a Universit\u0103\u021bii Titu Maiorescu din Bucure\u0219ti (decembrie 2024 &#8211; mai 2025)<br \/>\n&#8211; <a href=\"https:\/\/profesionisti.juridice.ro\/inesa-turcanu\">Inesa \u021aurcanu<\/a>, Facultatea de Drept a Universit\u0103\u021bii din Bucure\u0219ti (iulie 2024 &#8211; mai 2025)<br \/>\n&#8211; <a href=\"https:\/\/profesionisti.juridice.ro\/sonia-andreea-ignat\">Sonia Andreea Ignat<\/a>, Facultatea de Drept a Universit\u0103\u021bii Nicolae Titulescu din Bucure\u0219ti (iunie 2024 &#8211; iulie 2024)<br \/>\n&#8211; <a href=\"https:\/\/profesionisti.juridice.ro\/mihaela-vasiliu\">Mihaela Vasiliu<\/a>, Facultatea de Drept a Universit\u0103\u021bii Nicolae Titulescu din Bucure\u0219ti (iunie 2024 &#8211; septembrie 2024)<br \/>\n&#8211; <a href=\"https:\/\/profesionisti.juridice.ro\/darius-calin-burca\">Darius C\u0103lin Burc\u0103<\/a>, Facultatea de Drept a Universit\u0103\u021bii din Bucure\u0219ti (martie 2024 &#8211; noiembrie 2024)<br \/>\n&#8211; <a href=\"https:\/\/profesionisti.juridice.ro\/madalina-ioana-constantinescu\">M\u0103d\u0103lina Constantinescu<\/a>, Facultatea de Drept a Universit\u0103\u021bii din Bucure\u0219ti (noiembrie 2023 &#8211; ianuarie 2024)<br \/>\n&#8211; <a href=\"https:\/\/profesionisti.juridice.ro\/valentin-neacsu\">Valentin Neac\u0219u<\/a>, Facultatea de Drept a Academiei de Studii Economice (aprilie 2023 &#8211; mai 2025)<br \/>\n&#8211; <a href=\"https:\/\/www.juridice.ro\/author\/andrei-pintilie\">Andrei Pintilie<\/a>, Facultatea de Drept a Universit\u0103\u021bii Titu Maiorescu din Bucure\u0219ti (martie-noiembrie 2023)<br \/>\n&#8211; <a href=\"https:\/\/profesionisti.juridice.ro\/lara-stefanescu\">Lara \u0218tef\u0103nescu<\/a>, Facultatea de Drept a Universit\u0103\u021bii Nicolae Titulescu din Bucure\u0219ti (august-septembrie 2023)<br \/>\n&#8211; <a href=\"https:\/\/profesionisti.juridice.ro\/stefania-elena-vasile\">\u0218tefania-Elena Vasile<\/a>, Facultatea de Drept a Universit\u0103\u021bii Titu Maiorescu din Bucure\u0219ti (iunie-august 2023)<br \/>\n&#8211; <a href=\"https:\/\/profesionisti.juridice.ro\/liana-stefana-bonca\">Liana-\u0218tefana Bonca<\/a>, Facultatea de Drept a Universit\u0103\u021bii din Bucure\u0219ti (iunie-iulie 2023)<br \/>\n&#8211; <a href=\"https:\/\/profesionisti.juridice.ro\/ioana-taureci\">Ioana T\u0103ureci<\/a>, Facultatea de Drept a Universit\u0103\u021bii din Bucure\u0219ti (iunie-iulie 2023)<br \/>\n&#8211; <a href=\"https:\/\/profesionisti.juridice.ro\/daria-ioana-tirnovan\">Daria-Ioana T\u00eernovan<\/a>, Facultatea de Drept a Universit\u0103\u021bii din Bucure\u0219ti (iunie-iulie 2023)<br \/>\n&#8211; <a href=\"https:\/\/profesionisti.juridice.ro\/luca-mihail-frolu\">Luca-Mihail Frolu<\/a>, Facultatea de Drept a Universit\u0103\u021bii din Bucure\u0219ti (aprilie-iunie 2023)<br \/>\n&#8211; <a href=\"https:\/\/profesionisti.juridice.ro\/iulian-brinzoi\">Iulian Br\u00eenzoi<\/a>, Facultatea de Drept a Academiei de Studii Economice (decembrie 2022 &#8211; aprilie 2023)<br \/>\n&#8211; <a href=\"https:\/\/profesionisti.juridice.ro\/ilinca-lesovschi\">Ilinca Le\u0219ovschi<\/a>, Facultatea de Drept a Universit\u0103\u021bii din Bucure\u0219ti (martie-aprilie 2023)<br \/>\n&#8211; <a href=\"https:\/\/profesionisti.juridice.ro\/denisa-puscasu\">Denisa Pu\u0219ca\u0219u<\/a>, Facultatea de Drept a Universit\u0103\u021bii din Bucure\u0219ti (martie-aprilie 2023)<br \/>\n&#8211; <a href=\"https:\/\/profesionisti.juridice.ro\/david-ionita\">David Ioni\u021b\u0103<\/a>, Facultatea de Drept a Universit\u0103\u021bii  Titu Maiorescu din Bucure\u0219ti (ianuarie-aprilie 2023)<br \/>\n&#8211; <a href=\"https:\/\/profesionisti.juridice.ro\/cezar-vizireanu\">Cezar Vizireanu<\/a>, Facultatea de Drept a Universit\u0103\u021bii Rom\u00e2no-Americane (decembrie 2022 &#8211; martie 2023)<br \/>\n&#8211; <a href=\"https:\/\/profesionisti.juridice.ro\/miruna-vitan\">Miruna-Alexandra Vitan<\/a>, Facultatea de Drept a Universit\u0103\u021bii Titu Maiorescu din Bucure\u0219ti (octombrie 2022 &#8211; martie 2023)<br \/>\n&#8211; <a href=\"https:\/\/profesionisti.juridice.ro\/iris-andreea-marin\">Iris Andreea Marin<\/a>, Facultatea de Drept a Universit\u0103\u021bii din Bucure\u0219ti (noiembrie-decembrie 2022)<br \/>\n&#8211; <a href=\"https:\/\/profesionisti.juridice.ro\/mara-ilinca-savinescu\">Mara Ilinca Savinescu<\/a>, Facultatea de Drept a Universit\u0103\u021bii din Bucure\u0219ti (noiembrie-decembrie 2022)<br \/>\n&#8211; Gabriela Bejan, Facultatea de Drept a Academiei de Studii Economice (februarie-mai 2022)<br \/>\n&#8211; <a href=\"https:\/\/profesionisti.juridice.ro\/sasha-faezi\">Sahsa Faezi<\/a>, Facultatea de Drept a Universit\u0103\u021bii Titu Maiorescu (februarie-mai 2022)<br \/>\n&#8211; <a href=\"https:\/\/profesionisti.juridice.ro\/adriana-ursachi\">Adriana Ursachi<\/a>, Facultatea de Drept a Universit\u0103\u021bii din Craiova (noiembrie 2021 &#8211; martie 2022)<br \/>\n&#8211; <a href=\"https:\/\/profesionisti.juridice.ro\/ana-banu\">Ana Banu<\/a>, Facultatea de Drept a Universit\u0103\u021bii Nicolae Titulescu (octombrie 2021 &#8211; martie 2022)<br \/>\n&#8211; <a href=\"https:\/\/profesionisti.juridice.ro\/luciana-neamtu\">Luciana Neam\u021bu<\/a>, Facultatea de Drept a Universit\u0103\u021bii din Bucure\u0219ti (iulie 2021 &#8211; martie 2022)<br \/>\n&#8211; <a href=\"https:\/\/profesionisti.juridice.ro\/delia-osepciuc\">Delia Osepciuc<\/a>, Facultatea de Drept a Universit\u0103\u021bii din Bucure\u0219ti (iulie 2021 &#8211; martie 2022)<br \/>\n&#8211; <a href=\"https:\/\/profesionisti.juridice.ro\/alexandru-nicolae-brinzaru-soceanu\">Alexandru Soceanu<\/a>, Facultatea de Drept a Universit\u0103\u021bii din Bucure\u0219ti (iulie 2021 &#8211; martie 2022)<br \/>\n&#8211; <a href=\"https:\/\/profesionisti.juridice.ro\/beatrice-larisa-rusu\">Beatrice-Larisa Rusu<\/a>, Facultatea de Drept a Universit\u0103\u021bii Nicolae Titulescu (aprilie 2019, august 2020 &#8211; martie 2022)<br \/>\n&#8211; <a href=\"https:\/\/profesionisti.juridice.ro\/claudia-stanciu\">Claudia Stanciu<\/a>, Facultatea de Drept a Academiei de Studii Economice (februarie-mai 2021)<br \/>\n&#8211; <a href=\"https:\/\/profesionisti.juridice.ro\/alexandra-rosu\">Alexandra Ro\u0219u<\/a>, Facultatea de Drept a Academiei de Studii Economice (februarie-mai 2021)<br \/>\n&#8211; <a href=\"https:\/\/profesionisti.juridice.ro\/cristina-chirita\">Cristina Chiri\u021b\u0103<\/a>, Facultatea de Drept a Universit\u0103\u021bii din Bucure\u0219ti, Master Drept medical Facultatea de Drept a Universit\u0103\u021bii Titu Maiorescu (octombrie 2020 &#8211; februarie 2021)<br \/>\n&#8211; <a href=\"https:\/\/profesionisti.juridice.ro\/daniela-niculcea\">Daniela Niculcea<\/a>, Facultatea de Drept a Universit\u0103\u021bii Nicolae Titulescu (2018)<br \/>\n&#8211; <a href=\"https:\/\/profesionisti.juridice.ro\/anne-mary-mustiata\">Anne-Mary Mustia\u021b\u0103<\/a>, Facultatea de Drept a Universit\u0103\u021bii Nicolae Titulescu (decembrie 2019 &#8211; ianuarie 2020)<br \/>\n&#8211; <a href=\"https:\/\/profesionisti.juridice.ro\/andreea-denisa-tarasescu\">Andreea Denisa T\u0103r\u0103sescu<\/a>, Master Cariere Judiciare, Facultatea de Drept a Universit\u0103\u021bii din Bucure\u0219i (martie-aprilie 2019)<br \/>\n&#8211; <a href=\"https:\/\/profesionisti.juridice.ro\/andreea-grigorescu\">Andreea Grigorescu<\/a>, Facultatea de Drept a Universit\u0103\u021bii Nicolae Titulescu (aprilie 2019)<br \/>\n&#8211; <a href=\"https:\/\/profesionisti.juridice.ro\/raluca-isabelle-pacioaga\">Raluca Isabelle Pacioag\u0103<\/a>, Facultatea de Drept si \u0218tiin\u021be Administrative, Universitatea de Vest din Timi\u0219oara (iulie 2019)<br \/>\n&#8211; <a href=\"https:\/\/profesionisti.juridice.ro\/emilia-diana-popa\">Emilia-Diana Popa<\/a>, Facultatea de Drept a Universit\u0103\u021bii din Bucure\u0219ti (august-decembrie 2019)<\/p>\n","protected":false},"excerpt":{"rendered":"","protected":false},"author":1,"featured_media":3015,"parent":0,"menu_order":0,"comment_status":"closed","ping_status":"closed","template":"template-centered.php","meta":{"footnotes":""},"class_list":["post-3006","page","type-page","status-publish","has-post-thumbnail","hentry"],"_links":{"self":[{"href":"https:\/\/www.savescu.ro\/ro\/wp-json\/wp\/v2\/pages\/3006","targetHints":{"allow":["GET"]}}],"collection":[{"href":"https:\/\/www.savescu.ro\/ro\/wp-json\/wp\/v2\/pages"}],"about":[{"href":"https:\/\/www.savescu.ro\/ro\/wp-json\/wp\/v2\/types\/page"}],"author":[{"embeddable":true,"href":"https:\/\/www.savescu.ro\/ro\/wp-json\/wp\/v2\/users\/1"}],"replies":[{"embeddable":true,"href":"https:\/\/www.savescu.ro\/ro\/wp-json\/wp\/v2\/comments?post=3006"}],"version-history":[{"count":6,"href":"https:\/\/www.savescu.ro\/ro\/wp-json\/wp\/v2\/pages\/3006\/revisions"}],"predecessor-version":[{"id":3017,"href":"https:\/\/www.savescu.ro\/ro\/wp-json\/wp\/v2\/pages\/3006\/revisions\/3017"}],"wp:featuredmedia":[{"embeddable":true,"href":"https:\/\/www.savescu.ro\/ro\/wp-json\/wp\/v2\/media\/3015"}],"wp:attachment":[{"href":"https:\/\/www.savescu.ro\/ro\/wp-json\/wp\/v2\/media?parent=3006"}],"curies":[{"name":"wp","href":"https:\/\/api.w.org\/{rel}","templated":true}]}}