{"id":3023,"date":"2026-03-30T15:55:53","date_gmt":"2026-03-30T13:55:53","guid":{"rendered":"https:\/\/www.savescu.ro\/ro\/?page_id=3023"},"modified":"2026-03-30T15:57:10","modified_gmt":"2026-03-30T13:57:10","slug":"cariere","status":"publish","type":"page","link":"https:\/\/www.savescu.ro\/ro\/cariere","title":{"rendered":"Cariere"},"content":{"rendered":"<p><strong><a href=\"http:\/\/savescu.ro\/ro\/\">S\u0102VESCU &amp; ASOCIA\u021aII<\/a><\/strong>\u00a0recruteaz\u0103 avoca\u021bi.<\/p>\n<p><strong>ACTIVIT\u0102\u021aILE AVOCA\u021aIALE<\/strong><br \/>\n\u2013 Asisten\u021b\u0103 juridic\u0103 \u0219i reprezentare \u00een fa\u021ba instan\u021belor \u0219i autorit\u0103\u021bilor<br \/>\n\u2013 Redactarea de opinii juridice, cereri \u0219i acte procedurale<br \/>\n\u2013 Studii de doctrin\u0103 \u0219i jurispruden\u021b\u0103<\/p>\n<p><strong>CE A\u0218TEPT\u0102RI AVEM<\/strong><br \/>\n\u2013 Practicarea cu bucurie, energie \u0219i pasiune a profesiei de avocat<br \/>\n\u2013 Cunoa\u0219tere foarte bun\u0103 a materiilor juridice preferate<br \/>\n\u2013 St\u0103p\u00e2nirea corespunz\u0103toare a limbii engleze juridice<br \/>\n\u2013 U\u0219urin\u021b\u0103 \u00een utilizarea calculatorului \u0219i a aplica\u021biilor de lucru<br \/>\n\u2013 Apreciem receptivitatea, reactivitatea, rapiditatea, precizia, responsabilitatea, implicarea, capacitatea de concentrare, calmul \u0219i sim\u021bul umorului<br \/>\n\u2013\u00a0<em>Furnizarea de \u00eencredere este un avantaj<\/em><br \/>\n\u2013\u00a0<em>Competen\u021bele speciale sunt un plus valoros<\/em><\/p>\n<p><strong>CE OFERIM<\/strong><br \/>\n\u2013 Spe\u021be litigioase \u00een domenii diverse \u0219i solu\u021bii inovative<br \/>\n\u2013 Venituri atractive \u0219i raportate la implicare \u0219i performan\u021b\u0103<br \/>\n\u2013 Integrarea \u00eentr-o echip\u0103 cu nivel profesional \u00eenalt \u0219i colegialitate<br \/>\n\u2013 Notorietate profesional\u0103, conferit\u0103 de implicarea noastr\u0103 \u00een proiecte editoriale \u0219i profesionale (<a href=\"https:\/\/www.juridice.ro\/\">www.juridice.ro<\/a>)<\/p>\n<p><strong>INFORMA\u021aII SUPLIMENTARE<\/strong><br \/>\n\u2013 Activitate full-time, cu prec\u0103dere \u00een Bucure\u0219ti<br \/>\n\u2013 Afla\u021bi mai mult despre\u00a0<a href=\"https:\/\/savescu.ro\/ro\/avocati\/\">echipa noastr\u0103<\/a><br \/>\n\u2013\u00a0<a href=\"https:\/\/savescu.ro\/ro\/informare-protectia-datelor\">Confiden\u021bialitate<\/a><\/p>\n<p>V\u0103 rug\u0103m s\u0103 ne transmite\u021bi CV, scrisoare de inten\u021bie \u0219i un document redactat atent (cerere, concluzii, studiu) la adresa: office@savescu.ro<\/p>\n","protected":false},"excerpt":{"rendered":"","protected":false},"author":1,"featured_media":3014,"parent":0,"menu_order":0,"comment_status":"closed","ping_status":"closed","template":"template-centered.php","meta":{"footnotes":""},"class_list":["post-3023","page","type-page","status-publish","has-post-thumbnail","hentry"],"_links":{"self":[{"href":"https:\/\/www.savescu.ro\/ro\/wp-json\/wp\/v2\/pages\/3023","targetHints":{"allow":["GET"]}}],"collection":[{"href":"https:\/\/www.savescu.ro\/ro\/wp-json\/wp\/v2\/pages"}],"about":[{"href":"https:\/\/www.savescu.ro\/ro\/wp-json\/wp\/v2\/types\/page"}],"author":[{"embeddable":true,"href":"https:\/\/www.savescu.ro\/ro\/wp-json\/wp\/v2\/users\/1"}],"replies":[{"embeddable":true,"href":"https:\/\/www.savescu.ro\/ro\/wp-json\/wp\/v2\/comments?post=3023"}],"version-history":[{"count":1,"href":"https:\/\/www.savescu.ro\/ro\/wp-json\/wp\/v2\/pages\/3023\/revisions"}],"predecessor-version":[{"id":3024,"href":"https:\/\/www.savescu.ro\/ro\/wp-json\/wp\/v2\/pages\/3023\/revisions\/3024"}],"wp:featuredmedia":[{"embeddable":true,"href":"https:\/\/www.savescu.ro\/ro\/wp-json\/wp\/v2\/media\/3014"}],"wp:attachment":[{"href":"https:\/\/www.savescu.ro\/ro\/wp-json\/wp\/v2\/media?parent=3023"}],"curies":[{"name":"wp","href":"https:\/\/api.w.org\/{rel}","templated":true}]}}