{"id":367,"date":"2018-08-08T16:50:49","date_gmt":"2018-08-08T14:50:49","guid":{"rendered":"http:\/\/savescu.ro\/ro\/?page_id=367"},"modified":"2022-01-25T14:23:13","modified_gmt":"2022-01-25T12:23:13","slug":"informare-protectia-datelor-11-mai-2018","status":"publish","type":"page","link":"https:\/\/www.savescu.ro\/ro\/informare-protectia-datelor-11-mai-2018","title":{"rendered":"Informare protec\u021bia datelor 11 mai 2018"},"content":{"rendered":"<p>\u00cenainte de a \u00eenceperea raporturilor contractuale cu noi este necesar s\u0103 lua\u021bi la cuno\u0219tin\u021b\u0103 \u0219i s\u0103 \u00een\u021belege\u021bi deplin urm\u0103toarea <strong>informare privind protec\u021bia datelor cu caracter personal<\/strong> destinat\u0103 clien\u021bilor S\u0102VESCU &amp; ASOCIA\u021aII.<\/p>\n<p><strong>1.<\/strong> Respect\u0103m dispozi\u021biile legale privitoare la protec\u021bia datelor cu caracter personal \u0219i punem \u00een aplicare m\u0103suri tehnice \u0219i organizatorice de protejare a tuturor opera\u021biunilor privitoare \u00een mod direct sau indirect la datele cu caracter personal, care previn prelucr\u0103rile neautorizate sau ilegale, precum \u0219i pierderile sau distrugerile accidentale sau ilegale.<\/p>\n<p><strong>2.<\/strong> Prelucr\u0103m numele, prenumele \u0219i domiciliul dumneavoastr\u0103 cuprinse \u00een contractul \u00eencheiat cu noi, pentru:<br \/>\n&#8211; executarea contractului \u00eencheiat cu dumneavoastr\u0103, inclusiv realizarea activit\u0103\u021bilor efectuate de noi \u00een interesul dumneavoastr\u0103 \u00een virtutea contractului dintre noi;<br \/>\n&#8211; \u00eendeplinirea obliga\u021biilor fiscale legate de plata onorariului;<br \/>\n&#8211; redactarea \u00eenscrisurilor \u00een numele dumneavoastr\u0103, potrivit mandatului \u00eencredin\u021bat;<br \/>\n&#8211; \u00eenaintarea c\u0103tre instan\u021be \u0219i alte institu\u021bii, autorit\u0103\u021bi, organiza\u021bii \u0219i persoane fizice, din Rom\u00e2nia \u0219i din alte \u021b\u0103ri, \u00een calitate de reprezentant conven\u021bional sau ap\u0103r\u0103tor, a cererilor \u0219i altor \u00eenscrisuri necesare execut\u0103rii mandatului \u00eencredin\u021bat;<br \/>\n&#8211; atestarea identit\u0103\u0163ii p\u0103r\u0163ilor, a con\u0163inutului \u015fi a datei actelor prezentate;<br \/>\n&#8211; \u00eendeplinirea obliga\u021biilor instituite de lege \u00een sarcina avoca\u021bilor;<br \/>\n&#8211; \u00eendeplinirea obliga\u021biei noastre profesionale de \u021binere a eviden\u021bei contractelor \u00eencheiate de forma de exercitate a profesiei de avocat.<br \/>\nAceste date vor fi p\u0103strate pe durata \u021binerii eviden\u021belor profesionale avoca\u021biale.<\/p>\n<p><strong>3.<\/strong> Prelucr\u0103m num\u0103rul dumneavoastr\u0103 de telefon \u0219i adresa dumneavoastr\u0103 de e-mail, pentru:<br \/>\n&#8211; comunicarea cu dumneavoastr\u0103.<br \/>\nAceste date vor fi p\u0103strate pe durata \u021binerii eviden\u021belor profesionale avoca\u021biale.<\/p>\n<p><strong>4.<\/strong> Prelucr\u0103m datele cuprinse \u00een solicit\u0103rile \u0219i inform\u0103rile dumneavoastr\u0103 c\u0103tre noi \u0219i datele prepu\u0219ilor \u0219i ter\u021bilor cuprinse \u00een \u00eenscrisurile pe care ni le aduce\u021bi la cuno\u0219tin\u021b\u0103, pentru:<br \/>\n&#8211; realizarea interesului dumneavoastr\u0103 legitim de a beneficia de asisten\u021b\u0103 juridic\u0103 \u0219i reprezentare avoca\u021bial\u0103;<br \/>\n&#8211; realizarea interesului public de realizare a serviciilor avoca\u021biale \u0219i scopurilor legitime ale avocatului.<br \/>\nAceste date vor fi p\u0103strate pe durata execut\u0103rii contractului dintre dumneavoastr\u0103 \u0219i avocat.<\/p>\n<p><strong>5.<\/strong> Nu utiliz\u0103m datele cu caracter personal pentru prelucrare automatizat\u0103 \u0219i nici pentru realizarea de profile. Nu lu\u0103m niciodat\u0103 decizii automate cu privire la dumneavoastr\u0103. Utiliz\u0103m mijloace tehnice pentru stocarea datelor \u00een condi\u021bii de securitate. Nu prelucr\u0103m date \u00een scopuri secundare incompatibile cu scopurile pentru care le-am colectat.<\/p>\n<p><strong>6.<\/strong> Respect\u0103m \u0219i asigur\u0103m \u00een mod strict secretul profesional. Nu dezv\u0103luim datele dec\u00e2t pentru realizarea intereselor dumneavoastr\u0103 \u0219i \u00eendeplinirea obliga\u021biilor legale. Confiden\u021bialitatea este pentru noi nu doar o obliga\u021bie profesional\u0103 a avocatului, ci \u0219i o valoare esen\u021bial\u0103.<\/p>\n<p><strong>7.<\/strong> Revizuim \u00een fiecare an datele colectate, analiz\u00e2nd \u00een ce m\u0103sur\u0103 p\u0103strarea lor este necesar\u0103 scopurilor men\u021bionate, intereselor dumneavoastr\u0103 legitime sau \u00eendeplinirii obliga\u021biilor legale de c\u0103tre avocat. Datele care nu mai sunt necesare sunt \u0219terse.<\/p>\n<p><strong>8.<\/strong> Beneficia\u021bi de dreptul de acces, interven\u021bie, rectificare \u0219i portare cu privire la datele pe care ni le furniza\u021bi, de dreptul de a solicita limitarea prelucr\u0103rii realizate de noi \u0219i chiar de a solicita \u0219tergerea datelor. Men\u021bion\u0103m c\u0103 interven\u021bia asupra datelor pe care ni le-a\u021bi furnizat poate fi de natur\u0103 s\u0103 \u00eempiedice executarea contractului \u00eencheiat \u00eentre dumneavoastr\u0103 \u0219i avocat. \u00cen acest caz avocatul este exonerat de r\u0103spundere. V\u0103 rug\u0103m s\u0103 ne aduce\u021bi la cuno\u0219tin\u021b\u0103 solicit\u0103rile dumneavoastr\u0103, \u00een orice modalitate care este asigur\u0103toare cu privire la identitatea solicitantului \u0219i \u00eendrept\u0103\u021birea lui. V\u0103 vom r\u0103spunde ne\u00eent\u00e2rziat. Dac\u0103 sunte\u021bi nemul\u021bumit, ave\u021bi posibilitatea s\u0103 v\u0103 adresa\u021bi ANSPDCP.<\/p>\n<p>Pentru a ne scrie cu privire protec\u021bia datelor cu caracter personal, v\u0103 rug\u0103m s\u0103 ne scrie\u021bi la adresa privacy@savescu.ro, sau contacta\u021bi-ne folosind informa\u021biile din <a href=\"http:\/\/savescu.ro\/ro\/contact\">pagina de contact<\/a>.<\/p>\n<p>Av. dr. Andrei S\u0103vescu, Managing Partner<br \/>\nS\u0102VESCU &amp; ASOCIA\u021aII SCA, BAROUL BUCURE\u0218TI<\/p>\n<p><em>* ultima actualizare a acestei pagini: 11 mai 2018; pentru pagina actualizat\u0103 la zi, <a href=\"https:\/\/www.savescu.ro\/ro\/informare-protectia-datelor\">click aici<\/a><\/em><\/p>\n","protected":false},"excerpt":{"rendered":"","protected":false},"author":1,"featured_media":0,"parent":0,"menu_order":0,"comment_status":"closed","ping_status":"closed","template":"template-centered.php","meta":{"footnotes":""},"class_list":["post-367","page","type-page","status-publish","hentry"],"_links":{"self":[{"href":"https:\/\/www.savescu.ro\/ro\/wp-json\/wp\/v2\/pages\/367","targetHints":{"allow":["GET"]}}],"collection":[{"href":"https:\/\/www.savescu.ro\/ro\/wp-json\/wp\/v2\/pages"}],"about":[{"href":"https:\/\/www.savescu.ro\/ro\/wp-json\/wp\/v2\/types\/page"}],"author":[{"embeddable":true,"href":"https:\/\/www.savescu.ro\/ro\/wp-json\/wp\/v2\/users\/1"}],"replies":[{"embeddable":true,"href":"https:\/\/www.savescu.ro\/ro\/wp-json\/wp\/v2\/comments?post=367"}],"version-history":[{"count":2,"href":"https:\/\/www.savescu.ro\/ro\/wp-json\/wp\/v2\/pages\/367\/revisions"}],"predecessor-version":[{"id":1533,"href":"https:\/\/www.savescu.ro\/ro\/wp-json\/wp\/v2\/pages\/367\/revisions\/1533"}],"wp:attachment":[{"href":"https:\/\/www.savescu.ro\/ro\/wp-json\/wp\/v2\/media?parent=367"}],"curies":[{"name":"wp","href":"https:\/\/api.w.org\/{rel}","templated":true}]}}