{"id":65,"date":"2018-05-01T13:21:00","date_gmt":"2018-05-01T11:21:00","guid":{"rendered":"http:\/\/savescu.ro\/ro\/?page_id=65"},"modified":"2022-09-05T09:37:12","modified_gmt":"2022-09-05T07:37:12","slug":"cookies","status":"publish","type":"page","link":"https:\/\/www.savescu.ro\/ro\/cookies","title":{"rendered":"Cookies"},"content":{"rendered":"<p>Acest website, la fel ca \u0219i majoritatea website-urilor, folose\u0219te cookies.<\/p>\n<p>Cookies sunt date \u00eentr-un standard industrial pe care o pagin\u0103 web le transfer\u0103 pe computerul dumneavoastr\u0103, temporar, pentru a permite adaptarea con\u021binutului la utilizator. \u00cen acest scop, cookies colecteaz\u0103 informa\u021bii cu privire la comportamentul dumneavoastr\u0103 online. Cookies sunt stocate pentru o perioad\u0103 determinat\u0103.<\/p>\n<p>De exemplu, Google, ca un furnizor ter\u021b, folose\u0219te cookies pentru a difuza anun\u021burile pe care le vede\u021bi, pe baza informa\u021biilor colectate cu privire la comportamentul dumneavoastr\u0103 pe toate website-urile pe care le vizita\u021bi (pute\u021bi renun\u021ba la utilizarea modulului cookie DART de la Google consult\u00e2nd politica de confiden\u021bialitate a retelelor de publicitate \u0219i de con\u021binut Google).<\/p>\n<p>Noi utiliz\u0103m cookies automatizate pentru set\u0103rile browserului \u0219i plugin-uri, \u00een scopul \u00eembun\u0103t\u0103\u021birii serviciilor pe care vi le oferim. <s>Folosim serviciile Google Analytics \u0219i Google AdSense. Pentru a controla pe deplin \u0219i exact aceste servicii \u00een ceea ce v\u0103 prive\u0219te, v\u0103 suger\u0103m\u00a0<a href=\"https:\/\/tools.google.com\/dlpage\/gaoptout\" target=\"_blank\" rel=\"noopener\">https:\/\/tools.google.com\/dlpage\/gaoptout<\/a><\/s>.<\/p>\n<p>Toate cookies utilizate de website-ul savescu.ro sunt stocate local \u0219i nu sunt \u00eemp\u0103rt\u0103\u0219ite cu niciun ter\u021b. (updated: 27 iunie 2022)<\/p>\n<p>Dac\u0103 nu dori\u021bi cookies, toate browserele permit dezactivarea utiliz\u0103rii lor, precum \u0219i \u0219tergerea celor existente. Sec\u021biunea \u201eajutor\u201d a browserului dumneavoastr\u0103 con\u021bine instruc\u021biuni exacte cu privire la modul \u00een care trebuie s\u0103 proceda\u021bi pentru a dezactiva\/\u0219terge cookies.<\/p>\n<p>Iat\u0103 aici instruc\u021biuni cu privire la set\u0103rile cookies pentru cele mai utilizate browsere:\u00a0<a href=\"https:\/\/support.google.com\/chrome\/answer\/95647?hl=ro\" target=\"_blank\" rel=\"noopener\">Chrome<\/a>\u00a0|\u00a0<a href=\"https:\/\/support.mozilla.org\/ro\/kb\/cookie-urile?redirectlocale=ro-RO&amp;redirectslug=Cookies#w_setlcrile-pentru-cookie-uri\" target=\"_blank\" rel=\"noopener\">Firefox<\/a>\u00a0|\u00a0<a href=\"https:\/\/support.microsoft.com\/ro-ro\/help\/17442\/windows-internet-explorer-delete-manage-cookies\" target=\"_blank\" rel=\"noopener\">Internet Explorer<\/a>\u00a0|\u00a0<a href=\"https:\/\/help.opera.com\/en\/latest\/web-preferences\/\" target=\"_blank\" rel=\"noopener\">Opera<\/a>\u00a0|\u00a0<a href=\"https:\/\/support.apple.com\/ro-ro\/guide\/safari\/manage-cookies-and-website-data-sfri11471\/mac\" target=\"_blank\" rel=\"noopener\">Safari<\/a><\/p>\n<p><em>* ultima actualizare a acestei pagini: 27 iunie 2022<\/em><\/p>\n","protected":false},"excerpt":{"rendered":"","protected":false},"author":1,"featured_media":0,"parent":0,"menu_order":0,"comment_status":"closed","ping_status":"closed","template":"template-centered.php","meta":{"footnotes":""},"class_list":["post-65","page","type-page","status-publish","hentry"],"_links":{"self":[{"href":"https:\/\/www.savescu.ro\/ro\/wp-json\/wp\/v2\/pages\/65","targetHints":{"allow":["GET"]}}],"collection":[{"href":"https:\/\/www.savescu.ro\/ro\/wp-json\/wp\/v2\/pages"}],"about":[{"href":"https:\/\/www.savescu.ro\/ro\/wp-json\/wp\/v2\/types\/page"}],"author":[{"embeddable":true,"href":"https:\/\/www.savescu.ro\/ro\/wp-json\/wp\/v2\/users\/1"}],"replies":[{"embeddable":true,"href":"https:\/\/www.savescu.ro\/ro\/wp-json\/wp\/v2\/comments?post=65"}],"version-history":[{"count":8,"href":"https:\/\/www.savescu.ro\/ro\/wp-json\/wp\/v2\/pages\/65\/revisions"}],"predecessor-version":[{"id":1882,"href":"https:\/\/www.savescu.ro\/ro\/wp-json\/wp\/v2\/pages\/65\/revisions\/1882"}],"wp:attachment":[{"href":"https:\/\/www.savescu.ro\/ro\/wp-json\/wp\/v2\/media?parent=65"}],"curies":[{"name":"wp","href":"https:\/\/api.w.org\/{rel}","templated":true}]}}